{"id":11,"date":"2024-02-26T14:18:36","date_gmt":"2024-02-26T13:18:36","guid":{"rendered":"https:\/\/brest-triathlon.fr\/wp\/?page_id=11"},"modified":"2025-10-17T10:24:30","modified_gmt":"2025-10-17T08:24:30","slug":"inscriptions-2","status":"publish","type":"page","link":"https:\/\/brest-triathlon.fr\/wp\/inscriptions-2\/","title":{"rendered":"Inscriptions"},"content":{"rendered":"<div class=\"wp-block-image\">\n<figure class=\"alignright size-full is-resized\"><img fetchpriority=\"high\" decoding=\"async\" width=\"384\" height=\"576\" src=\"https:\/\/brest-triathlon.fr\/wp\/wp-content\/uploads\/2024\/02\/20190523-DSC0200915.jpg\" alt=\"\" class=\"wp-image-239\" style=\"width:336px;height:auto\" srcset=\"https:\/\/brest-triathlon.fr\/wp\/wp-content\/uploads\/2024\/02\/20190523-DSC0200915.jpg 384w, https:\/\/brest-triathlon.fr\/wp\/wp-content\/uploads\/2024\/02\/20190523-DSC0200915-200x300.jpg 200w\" sizes=\"(max-width: 384px) 100vw, 384px\" \/><\/figure>\n<\/div>\n\n\n<p class=\"has-vivid-red-color has-text-color has-link-color wp-elements-c0cddc309e073afe4d6adab83e88b867\"><strong><strong><em>Les inscriptions pour la saison 2025\u2013 2026 ne sont plus possibles<\/em>.<\/strong><\/strong><\/p>\n\n\n\n<p><strong>M<\/strong><strong>ontant des cotisations (part club)<\/strong><\/p>\n\n\n\n<ul class=\"wp-block-list\">\n<li><strong>Part club<\/strong>&nbsp;<strong>Jeune 14-19 ans<\/strong>&nbsp;: 65\u20ac&nbsp;tarif normal ; 45\u20ac&nbsp;<em>tarif famille*<\/em><\/li>\n\n\n\n<li><strong>Part club<\/strong>&nbsp;<strong>Adulte (19 ans et +) :<\/strong>&nbsp;130\u20ac tarif normal ; 80\u20ac&nbsp;&nbsp;<em>tarif r\u00e9duit (demandeur d\u2019emploi, \u00e9tudiant ou membre du comit\u00e9 directeur)&nbsp;et tarif famille*<\/em>&nbsp;; Attention cette licence ne permet pas de b\u00e9n\u00e9ficier de tarif pr\u00e9f\u00e9rentiel pour les comp\u00e9titions&nbsp;!<\/li>\n\n\n\n<li><strong>Part club Adulte sans entrainements piscine(19 ans et +)&nbsp;<\/strong>: 50\u20ac<\/li>\n<\/ul>\n\n\n\n<p><em>*Tarif famille \u00e0 partir de 3 licenci\u00e9s de la m\u00eame famille<\/em><\/p>\n\n\n\n<p><strong>A ce tarif, il faut rajouter le prix de la licence FFtri qui sera indiqu\u00e9 sur lors de la demande de licence !<\/strong><\/p>\n\n\n\n<div class=\"wp-block-columns is-layout-flex wp-container-core-columns-is-layout-9d6595d7 wp-block-columns-is-layout-flex\">\n<div class=\"wp-block-column is-layout-flow wp-block-column-is-layout-flow\">\n<p><\/p>\n<\/div>\n<\/div>\n\n\n\n<div class=\"wp-block-columns is-layout-flex wp-container-core-columns-is-layout-9d6595d7 wp-block-columns-is-layout-flex\">\n<div class=\"wp-block-column is-layout-flow wp-block-column-is-layout-flow\"><\/div>\n<\/div>\n","protected":false},"excerpt":{"rendered":"<p>Les inscriptions pour la saison 2025\u2013 2026 ne sont plus possibles. Montant des cotisations (part club) *Tarif famille \u00e0 partir de 3 licenci\u00e9s de la m\u00eame famille A ce tarif, il faut rajouter le prix de la licence FFtri qui sera indiqu\u00e9 sur lors de la demande de licence !<\/p>\n","protected":false},"author":1,"featured_media":0,"parent":0,"menu_order":0,"comment_status":"closed","ping_status":"closed","template":"","meta":{"footnotes":""},"class_list":["post-11","page","type-page","status-publish","hentry"],"acf":[],"_links":{"self":[{"href":"https:\/\/brest-triathlon.fr\/wp\/wp-json\/wp\/v2\/pages\/11","targetHints":{"allow":["GET"]}}],"collection":[{"href":"https:\/\/brest-triathlon.fr\/wp\/wp-json\/wp\/v2\/pages"}],"about":[{"href":"https:\/\/brest-triathlon.fr\/wp\/wp-json\/wp\/v2\/types\/page"}],"author":[{"embeddable":true,"href":"https:\/\/brest-triathlon.fr\/wp\/wp-json\/wp\/v2\/users\/1"}],"replies":[{"embeddable":true,"href":"https:\/\/brest-triathlon.fr\/wp\/wp-json\/wp\/v2\/comments?post=11"}],"version-history":[{"count":22,"href":"https:\/\/brest-triathlon.fr\/wp\/wp-json\/wp\/v2\/pages\/11\/revisions"}],"predecessor-version":[{"id":346,"href":"https:\/\/brest-triathlon.fr\/wp\/wp-json\/wp\/v2\/pages\/11\/revisions\/346"}],"wp:attachment":[{"href":"https:\/\/brest-triathlon.fr\/wp\/wp-json\/wp\/v2\/media?parent=11"}],"curies":[{"name":"wp","href":"https:\/\/api.w.org\/{rel}","templated":true}]}}