{"id":233,"date":"2024-02-27T16:14:58","date_gmt":"2024-02-27T15:14:58","guid":{"rendered":"https:\/\/brest-triathlon.fr\/wp\/?page_id=233"},"modified":"2025-09-02T15:05:32","modified_gmt":"2025-09-02T13:05:32","slug":"equipe","status":"publish","type":"page","link":"https:\/\/brest-triathlon.fr\/wp\/le-club\/equipe\/","title":{"rendered":"Equipe"},"content":{"rendered":"\n<h1 class=\"wp-block-heading\">EQUIPE<\/h1>\n\n\n\n<figure class=\"wp-block-image size-full\"><img fetchpriority=\"high\" decoding=\"async\" width=\"1848\" height=\"1848\" src=\"https:\/\/brest-triathlon.fr\/wp\/wp-content\/uploads\/2025\/09\/541967906_1098116268618295_8645773899810052017_n.png\" alt=\"\" class=\"wp-image-332\" srcset=\"https:\/\/brest-triathlon.fr\/wp\/wp-content\/uploads\/2025\/09\/541967906_1098116268618295_8645773899810052017_n.png 1848w, https:\/\/brest-triathlon.fr\/wp\/wp-content\/uploads\/2025\/09\/541967906_1098116268618295_8645773899810052017_n-300x300.png 300w, https:\/\/brest-triathlon.fr\/wp\/wp-content\/uploads\/2025\/09\/541967906_1098116268618295_8645773899810052017_n-1024x1024.png 1024w, https:\/\/brest-triathlon.fr\/wp\/wp-content\/uploads\/2025\/09\/541967906_1098116268618295_8645773899810052017_n-150x150.png 150w, https:\/\/brest-triathlon.fr\/wp\/wp-content\/uploads\/2025\/09\/541967906_1098116268618295_8645773899810052017_n-768x768.png 768w, https:\/\/brest-triathlon.fr\/wp\/wp-content\/uploads\/2025\/09\/541967906_1098116268618295_8645773899810052017_n-1536x1536.png 1536w, https:\/\/brest-triathlon.fr\/wp\/wp-content\/uploads\/2025\/09\/541967906_1098116268618295_8645773899810052017_n-1160x1160.png 1160w, https:\/\/brest-triathlon.fr\/wp\/wp-content\/uploads\/2025\/09\/541967906_1098116268618295_8645773899810052017_n-75x75.png 75w\" sizes=\"(max-width: 1848px) 100vw, 1848px\" \/><\/figure>\n\n\n\n<p><strong>Coachs<\/strong>&nbsp;:<\/p>\n\n\n\n<p>Elouan Royer, Nino Le Bris, Mathieu Carrer: natation<\/p>\n\n\n\n<p>Romain Garrivier : course \u00e0 pied<\/p>\n\n\n\n<p>Maud Petitjean : Pr\u00e9paration Physique G\u00e9n\u00e9rale<\/p>\n\n\n\n<p>St\u00e9phane Gourmelon : Home Trainer<\/p>\n\n\n\n<figure class=\"wp-block-image\"><img decoding=\"async\" src=\"https:\/\/web.archive.org\/web\/20221004105222im_\/https:\/\/brest-triathlon.fr\/wp\/wp-content\/uploads\/2019\/09\/20190519-DSC0198703-1024x576.jpg\" alt=\"\" class=\"wp-image-513\"\/><\/figure>\n\n\n\n<p><strong>Autres acteurs<\/strong>&nbsp;:&nbsp;<\/p>\n\n\n\n<p><strong>Photographes :\u00a0<\/strong>Olivier Dr\u00e9an, Wiliam Stephan et Nicolas Touze<\/p>\n\n\n\n<p><strong>Encadrement des sorties v\u00e9lo :<\/strong> Stephan Guillemot<\/p>\n\n\n\n<p><strong>Site internet :<\/strong>\u00a0Ma\u00eblig Nantel et Nathana\u00ebl de Liniers<\/p>\n\n\n\n<p><strong>Arbitres :<\/strong>&nbsp;Nathana\u00ebl De Liniers<\/p>\n\n\n\n<figure class=\"wp-block-image\"><img decoding=\"async\" src=\"https:\/\/web.archive.org\/web\/20221004105222im_\/https:\/\/brest-triathlon.fr\/wp\/wp-content\/uploads\/2019\/09\/20190519-DSC0197212.jpg\" alt=\"\" class=\"wp-image-512\"\/><\/figure>\n\n\n\n<p><\/p>\n","protected":false},"excerpt":{"rendered":"<p>EQUIPE Coachs&nbsp;: Elouan Royer, Nino Le Bris, Mathieu Carrer: natation Romain Garrivier : course \u00e0 pied Maud Petitjean : Pr\u00e9paration Physique G\u00e9n\u00e9rale St\u00e9phane Gourmelon : Home Trainer Autres acteurs&nbsp;:&nbsp; Photographes :\u00a0Olivier Dr\u00e9an, Wiliam Stephan et Nicolas Touze Encadrement des sorties v\u00e9lo : Stephan Guillemot Site internet :\u00a0Ma\u00eblig Nantel et Nathana\u00ebl de Liniers Arbitres :&nbsp;Nathana\u00ebl De Liniers<\/p>\n","protected":false},"author":1,"featured_media":0,"parent":21,"menu_order":0,"comment_status":"closed","ping_status":"closed","template":"","meta":{"footnotes":""},"class_list":["post-233","page","type-page","status-publish","hentry"],"acf":[],"_links":{"self":[{"href":"https:\/\/brest-triathlon.fr\/wp\/wp-json\/wp\/v2\/pages\/233","targetHints":{"allow":["GET"]}}],"collection":[{"href":"https:\/\/brest-triathlon.fr\/wp\/wp-json\/wp\/v2\/pages"}],"about":[{"href":"https:\/\/brest-triathlon.fr\/wp\/wp-json\/wp\/v2\/types\/page"}],"author":[{"embeddable":true,"href":"https:\/\/brest-triathlon.fr\/wp\/wp-json\/wp\/v2\/users\/1"}],"replies":[{"embeddable":true,"href":"https:\/\/brest-triathlon.fr\/wp\/wp-json\/wp\/v2\/comments?post=233"}],"version-history":[{"count":2,"href":"https:\/\/brest-triathlon.fr\/wp\/wp-json\/wp\/v2\/pages\/233\/revisions"}],"predecessor-version":[{"id":334,"href":"https:\/\/brest-triathlon.fr\/wp\/wp-json\/wp\/v2\/pages\/233\/revisions\/334"}],"up":[{"embeddable":true,"href":"https:\/\/brest-triathlon.fr\/wp\/wp-json\/wp\/v2\/pages\/21"}],"wp:attachment":[{"href":"https:\/\/brest-triathlon.fr\/wp\/wp-json\/wp\/v2\/media?parent=233"}],"curies":[{"name":"wp","href":"https:\/\/api.w.org\/{rel}","templated":true}]}}